{"id":98,"date":"2026-01-15T17:43:21","date_gmt":"2026-01-15T17:43:21","guid":{"rendered":"https:\/\/www.creation-marrak.com\/?page_id=98"},"modified":"2026-02-28T20:25:27","modified_gmt":"2026-02-28T20:25:27","slug":"agenda","status":"publish","type":"page","link":"https:\/\/www.creation-marrak.com\/index.php\/agenda\/","title":{"rendered":"Agenda"},"content":{"rendered":"\n<p>13 au 15    F\u00e9vrier  Salon des M\u00e9tiers d&rsquo;Art salle Olympe de Gouges 11 rue Merlin 75011Paris<\/p>\n\n\n\n<p>7- 8             Mars     Salon \u00ab\u00a0Talents de Femmes\u00a0\u00bb en P\u00e9rigord Th\u00e9\u00e2tre de l\u2019Odyss\u00e9e, Esplanade Badinter 24000 P\u00e9rigueux<\/p>\n\n\n\n<p>27 au 29    Mars    Salon \u00ab\u00a0Mode et Tissus\u00a0\u00bb 5 rue Kroeber-Imlin, 68160 Sainte-Marie-aux Mines<\/p>\n\n\n\n<p>9 &#8211; 10          Mai      Exposition \u00ab\u00a0100% Art\u00a0\u00bb salle de la Huchette 40990 L\u00e9on<strong> <\/strong><\/p>\n\n\n\n<p>14 au 17     Mai      Salon R\u00e9gional des M\u00e9tiers d\u2019Art, Place de l\u2019Abbaye \u2013 71700 Tournus<\/p>\n\n\n\n<p>12 au 14     Juin     Salon des Artisans d&rsquo;Art \u00ab\u00a0Artisania\u00a0\u00bb Ch\u00e2teau de Saint-Jean de Beauregard, rue du ch\u00e2teau 91940 Saint-Jean de Beauregard<\/p>\n\n\n\n<p>3 au 5        Juillet \u00ab\u00a0Festival du Lin\u00a0\u00bb Gymnase et salle Bourvil 76740 Fontaine le Dun<\/p>\n\n\n\n<p>20 au 22   Novembre  \u00ab\u00a0Saint Leu Art Expo\u00a0\u00bb espace Mode  95320 Saint-Leu-la-For\u00eat <br><\/p>\n\n\n\n<p><\/p>\n\n\n\n<p><br><\/p>\n\n\n\n<p><\/p>\n\n\n\n<p><\/p>\n\n\n\n<div class=\"wp-block-buttons is-layout-flex wp-block-buttons-is-layout-flex\">\n<div class=\"wp-block-button\"><a class=\"wp-block-button__link wp-element-button\" href=\"https:\/\/www.creation-marrak.com\/?page_id=102\"> <strong>\u00ab\u00a0Me contacter pour plus d&rsquo;infos\u00a0\u00bb<\/strong><\/a><\/div>\n<\/div>\n","protected":false},"excerpt":{"rendered":"<p>13 au 15 F\u00e9vrier Salon des M\u00e9tiers d&rsquo;Art salle Olympe de Gouges 11 rue Merlin 75011Paris 7- 8 Mars Salon [&hellip;]<\/p>\n","protected":false},"author":1,"featured_media":0,"parent":0,"menu_order":0,"comment_status":"closed","ping_status":"closed","template":"","meta":{"site-sidebar-layout":"default","site-content-layout":"","ast-site-content-layout":"default","site-content-style":"default","site-sidebar-style":"default","ast-global-header-display":"","ast-banner-title-visibility":"","ast-main-header-display":"","ast-hfb-above-header-display":"","ast-hfb-below-header-display":"","ast-hfb-mobile-header-display":"","site-post-title":"","ast-breadcrumbs-content":"","ast-featured-img":"","footer-sml-layout":"","ast-disable-related-posts":"","theme-transparent-header-meta":"","adv-header-id-meta":"","stick-header-meta":"","header-above-stick-meta":"","header-main-stick-meta":"","header-below-stick-meta":"","astra-migrate-meta-layouts":"default","ast-page-background-enabled":"default","ast-page-background-meta":{"desktop":{"background-color":"var(--ast-global-color-5)","background-image":"","background-repeat":"repeat","background-position":"center center","background-size":"auto","background-attachment":"scroll","background-type":"","background-media":"","overlay-type":"","overlay-color":"","overlay-opacity":"","overlay-gradient":""},"tablet":{"background-color":"","background-image":"","background-repeat":"repeat","background-position":"center center","background-size":"auto","background-attachment":"scroll","background-type":"","background-media":"","overlay-type":"","overlay-color":"","overlay-opacity":"","overlay-gradient":""},"mobile":{"background-color":"","background-image":"","background-repeat":"repeat","background-position":"center center","background-size":"auto","background-attachment":"scroll","background-type":"","background-media":"","overlay-type":"","overlay-color":"","overlay-opacity":"","overlay-gradient":""}},"ast-content-background-meta":{"desktop":{"background-color":"var(--ast-global-color-4)","background-image":"","background-repeat":"repeat","background-position":"center center","background-size":"auto","background-attachment":"scroll","background-type":"","background-media":"","overlay-type":"","overlay-color":"","overlay-opacity":"","overlay-gradient":""},"tablet":{"background-color":"var(--ast-global-color-4)","background-image":"","background-repeat":"repeat","background-position":"center center","background-size":"auto","background-attachment":"scroll","background-type":"","background-media":"","overlay-type":"","overlay-color":"","overlay-opacity":"","overlay-gradient":""},"mobile":{"background-color":"var(--ast-global-color-4)","background-image":"","background-repeat":"repeat","background-position":"center center","background-size":"auto","background-attachment":"scroll","background-type":"","background-media":"","overlay-type":"","overlay-color":"","overlay-opacity":"","overlay-gradient":""}},"footnotes":""},"class_list":["post-98","page","type-page","status-publish","hentry"],"_links":{"self":[{"href":"https:\/\/www.creation-marrak.com\/index.php\/wp-json\/wp\/v2\/pages\/98","targetHints":{"allow":["GET"]}}],"collection":[{"href":"https:\/\/www.creation-marrak.com\/index.php\/wp-json\/wp\/v2\/pages"}],"about":[{"href":"https:\/\/www.creation-marrak.com\/index.php\/wp-json\/wp\/v2\/types\/page"}],"author":[{"embeddable":true,"href":"https:\/\/www.creation-marrak.com\/index.php\/wp-json\/wp\/v2\/users\/1"}],"replies":[{"embeddable":true,"href":"https:\/\/www.creation-marrak.com\/index.php\/wp-json\/wp\/v2\/comments?post=98"}],"version-history":[{"count":8,"href":"https:\/\/www.creation-marrak.com\/index.php\/wp-json\/wp\/v2\/pages\/98\/revisions"}],"predecessor-version":[{"id":124,"href":"https:\/\/www.creation-marrak.com\/index.php\/wp-json\/wp\/v2\/pages\/98\/revisions\/124"}],"wp:attachment":[{"href":"https:\/\/www.creation-marrak.com\/index.php\/wp-json\/wp\/v2\/media?parent=98"}],"curies":[{"name":"wp","href":"https:\/\/api.w.org\/{rel}","templated":true}]}}