{"id":18,"date":"2026-01-14T15:58:23","date_gmt":"2026-01-14T15:58:23","guid":{"rendered":"https:\/\/www.creation-marrak.com\/?page_id=18"},"modified":"2026-01-19T20:13:26","modified_gmt":"2026-01-19T20:13:26","slug":"accueil","status":"publish","type":"page","link":"https:\/\/www.creation-marrak.com\/","title":{"rendered":"Accueil"},"content":{"rendered":"\n<div class=\"wp-block-cover is-layout-constrained wp-block-cover-is-layout-constrained\"><span aria-hidden=\"true\" class=\"wp-block-cover__background has-background-dim-100 has-background-dim\"><\/span><div class=\"wp-block-cover__inner-container\"><\/div><\/div>\n\n\n\n<div class=\"wp-block-cover is-layout-constrained wp-block-cover-is-layout-constrained\"><span aria-hidden=\"true\" class=\"wp-block-cover__background has-background-dim-100 has-background-dim\"><\/span><div class=\"wp-block-cover__inner-container\"><\/div><\/div>\n\n\n\n<div class=\"wp-block-group alignfull is-style-section-1 is-layout-constrained wp-block-group-is-layout-constrained\" style=\"margin-top:0;margin-bottom:0;padding-top:var(--wp--preset--spacing--80);padding-bottom:var(--wp--preset--spacing--80)\">\n<div class=\"wp-block-columns alignwide is-layout-flex wp-container-core-columns-is-layout-66fad18a wp-block-columns-is-layout-flex\">\n<div class=\"wp-block-column is-layout-flow wp-block-column-is-layout-flow\" style=\"padding-right:var(--wp--preset--spacing--50);flex-basis:45%\">\n<figure class=\"wp-block-image size-full\"><img loading=\"lazy\" decoding=\"async\" width=\"2513\" height=\"1643\" src=\"https:\/\/www.creation-marrak.com\/wp-content\/uploads\/2026\/01\/Marrak-6-1-scaled-e1768839656576.jpg\" alt=\"\" class=\"wp-image-58\" srcset=\"https:\/\/www.creation-marrak.com\/wp-content\/uploads\/2026\/01\/Marrak-6-1-scaled-e1768839656576.jpg 2513w, https:\/\/www.creation-marrak.com\/wp-content\/uploads\/2026\/01\/Marrak-6-1-scaled-e1768839656576-300x196.jpg 300w, https:\/\/www.creation-marrak.com\/wp-content\/uploads\/2026\/01\/Marrak-6-1-scaled-e1768839656576-1024x669.jpg 1024w, https:\/\/www.creation-marrak.com\/wp-content\/uploads\/2026\/01\/Marrak-6-1-scaled-e1768839656576-768x502.jpg 768w, https:\/\/www.creation-marrak.com\/wp-content\/uploads\/2026\/01\/Marrak-6-1-scaled-e1768839656576-1536x1004.jpg 1536w, https:\/\/www.creation-marrak.com\/wp-content\/uploads\/2026\/01\/Marrak-6-1-scaled-e1768839656576-2048x1339.jpg 2048w\" sizes=\"auto, (max-width: 2513px) 100vw, 2513px\" \/><\/figure>\n\n\n\n<div class=\"wp-block-group is-layout-constrained wp-block-group-is-layout-constrained\" style=\"margin-top:-12vw\">\n<figure class=\"wp-block-image alignright size-full is-resized\" style=\"margin-right:-5vw;margin-left:-5vw\"><img loading=\"lazy\" decoding=\"async\" width=\"1916\" height=\"2304\" src=\"https:\/\/www.creation-marrak.com\/wp-content\/uploads\/2026\/01\/MARRAK-3-scaled-e1768839896890.jpg\" alt=\"\" class=\"wp-image-26\" style=\"width:202px\" srcset=\"https:\/\/www.creation-marrak.com\/wp-content\/uploads\/2026\/01\/MARRAK-3-scaled-e1768839896890.jpg 1916w, https:\/\/www.creation-marrak.com\/wp-content\/uploads\/2026\/01\/MARRAK-3-scaled-e1768839896890-249x300.jpg 249w, https:\/\/www.creation-marrak.com\/wp-content\/uploads\/2026\/01\/MARRAK-3-scaled-e1768839896890-852x1024.jpg 852w, https:\/\/www.creation-marrak.com\/wp-content\/uploads\/2026\/01\/MARRAK-3-scaled-e1768839896890-768x924.jpg 768w, https:\/\/www.creation-marrak.com\/wp-content\/uploads\/2026\/01\/MARRAK-3-scaled-e1768839896890-1277x1536.jpg 1277w, https:\/\/www.creation-marrak.com\/wp-content\/uploads\/2026\/01\/MARRAK-3-scaled-e1768839896890-1703x2048.jpg 1703w\" sizes=\"auto, (max-width: 1916px) 100vw, 1916px\" \/><\/figure>\n<\/div>\n<\/div>\n\n\n\n<div class=\"wp-block-column is-vertically-aligned-center is-layout-flow wp-block-column-is-layout-flow\" style=\"padding-right:0;padding-left:0;flex-basis:50%\">\n<div class=\"wp-block-group is-vertical is-layout-flex wp-container-core-group-is-layout-fe9cc265 wp-block-group-is-layout-flex\">\n<h2 class=\"wp-block-heading is-style-text-annotation\">\u00c0 propos<\/h2>\n<\/div>\n\n\n\n<p class=\"is-style-text-subtitle\">Marrak fait de sa collection des articles de r\u00e9f\u00e9rence et de qualit\u00e9. Nous avons s\u00e9lectionn\u00e9 pour vous des tissus dont nous garantissons l&rsquo;authenticit\u00e9 de la fabrication dans les mati\u00e8res utilis\u00e9es( coton,lin, m\u00e9tis,coton\/chanvre, soie, tissus d&rsquo;ameublement).<\/p>\n<\/div>\n<\/div>\n\n\n\n<figure class=\"wp-block-image size-large\"><img loading=\"lazy\" decoding=\"async\" width=\"832\" height=\"1024\" src=\"https:\/\/www.creation-marrak.com\/wp-content\/uploads\/2026\/01\/MARRAK-4-2-scaled-e1768839789589-832x1024.jpg\" alt=\"\" class=\"wp-image-57\" srcset=\"https:\/\/www.creation-marrak.com\/wp-content\/uploads\/2026\/01\/MARRAK-4-2-scaled-e1768839789589-832x1024.jpg 832w, https:\/\/www.creation-marrak.com\/wp-content\/uploads\/2026\/01\/MARRAK-4-2-scaled-e1768839789589-244x300.jpg 244w, https:\/\/www.creation-marrak.com\/wp-content\/uploads\/2026\/01\/MARRAK-4-2-scaled-e1768839789589-768x945.jpg 768w, https:\/\/www.creation-marrak.com\/wp-content\/uploads\/2026\/01\/MARRAK-4-2-scaled-e1768839789589-1249x1536.jpg 1249w, https:\/\/www.creation-marrak.com\/wp-content\/uploads\/2026\/01\/MARRAK-4-2-scaled-e1768839789589-1665x2048.jpg 1665w, https:\/\/www.creation-marrak.com\/wp-content\/uploads\/2026\/01\/MARRAK-4-2-scaled-e1768839789589.jpg 1873w\" sizes=\"auto, (max-width: 832px) 100vw, 832px\" \/><\/figure>\n<\/div>\n\n\n\n<div class=\"wp-block-group alignfull is-layout-constrained wp-container-core-group-is-layout-ebee8dc1 wp-block-group-is-layout-constrained\" style=\"margin-top:0;margin-bottom:0;padding-top:var(--wp--preset--spacing--50);padding-bottom:var(--wp--preset--spacing--50)\">\n<h2 class=\"wp-block-heading alignwide\">Nos services<\/h2>\n\n\n\n<div class=\"wp-block-columns alignwide is-layout-flex wp-container-core-columns-is-layout-28f84493 wp-block-columns-is-layout-flex\">\n<div class=\"wp-block-column is-layout-flow wp-block-column-is-layout-flow\"><\/div>\n<\/div>\n<\/div>\n\n\n\n<div class=\"wp-block-group alignfull is-layout-constrained wp-block-group-is-layout-constrained\" style=\"margin-top:0;margin-bottom:0;padding-top:var(--wp--preset--spacing--60);padding-bottom:var(--wp--preset--spacing--60)\">\n<div class=\"wp-block-columns alignwide is-layout-flex wp-container-core-columns-is-layout-74b2cda3 wp-block-columns-is-layout-flex\">\n<div class=\"wp-block-column is-layout-flow wp-block-column-is-layout-flow\">\n<div class=\"wp-block-group is-vertical is-content-justification-left is-layout-flex wp-container-core-group-is-layout-7ce391b6 wp-block-group-is-layout-flex\" style=\"min-height:100%\">\n<p>Sur-mesure<\/p>\n\n\n\n<p>La cr\u00e9atrice Marie Larthet, r\u00e9pond \u00e0 toutes vos demandes personnalis\u00e9es : choix des tissus, des couleurs, confection en grandes tailles&#8230; n&rsquo;h\u00e9sitez pas \u00e0 nous faire part de vos projets.<\/p>\n\n\n\n<p>Venez d\u00e9couvrir la collection Marrak dans notre atelier ou lors d&rsquo;un prochain salon (consultez mon <a href=\"https:\/\/www.creation-marrak.com\/?page_id=98\" data-type=\"page\" data-id=\"98\"><strong>Agenda<\/strong><\/a> pour conna\u00eetre les dates).<\/p>\n\n\n\n\n\n<p><\/p>\n\n\n\n<p><\/p>\n<\/div>\n<\/div>\n\n\n\n<div class=\"wp-block-column is-layout-flow wp-block-column-is-layout-flow\" style=\"padding-top:0;padding-right:0;padding-bottom:0;padding-left:0\">\n<figure class=\"wp-block-image size-large\"><img loading=\"lazy\" decoding=\"async\" width=\"1024\" height=\"1024\" src=\"https:\/\/www.creation-marrak.com\/wp-content\/uploads\/2026\/01\/IMG_20210104_180433_113-1-1024x1024.jpg\" alt=\"\" class=\"wp-image-61\" style=\"aspect-ratio:1;object-fit:cover\" srcset=\"https:\/\/www.creation-marrak.com\/wp-content\/uploads\/2026\/01\/IMG_20210104_180433_113-1-1024x1024.jpg 1024w, https:\/\/www.creation-marrak.com\/wp-content\/uploads\/2026\/01\/IMG_20210104_180433_113-1-300x300.jpg 300w, https:\/\/www.creation-marrak.com\/wp-content\/uploads\/2026\/01\/IMG_20210104_180433_113-1-150x150.jpg 150w, https:\/\/www.creation-marrak.com\/wp-content\/uploads\/2026\/01\/IMG_20210104_180433_113-1-768x768.jpg 768w, https:\/\/www.creation-marrak.com\/wp-content\/uploads\/2026\/01\/IMG_20210104_180433_113-1-1536x1536.jpg 1536w, https:\/\/www.creation-marrak.com\/wp-content\/uploads\/2026\/01\/IMG_20210104_180433_113-1-2048x2048.jpg 2048w\" sizes=\"auto, (max-width: 1024px) 100vw, 1024px\" \/><\/figure>\n<\/div>\n<\/div>\n<\/div>\n\n\n\n<div class=\"wp-block-group alignfull is-layout-constrained wp-block-group-is-layout-constrained\" style=\"margin-top:0;margin-bottom:0;padding-top:var(--wp--preset--spacing--60);padding-bottom:var(--wp--preset--spacing--60)\">\n<div style=\"height:var(--wp--preset--spacing--40)\" aria-hidden=\"true\" class=\"wp-block-spacer\"><\/div>\n<\/div>\n\n\n\n<aside class=\"wp-block-group alignfull is-style-section-3 is-layout-constrained wp-container-core-group-is-layout-f0f2a97b wp-block-group-is-layout-constrained\" style=\"margin-top:0;margin-bottom:0;padding-top:var(--wp--preset--spacing--50);padding-right:var(--wp--preset--spacing--50);padding-bottom:var(--wp--preset--spacing--50);padding-left:var(--wp--preset--spacing--50)\"><\/aside>\n\n\n\n<p><\/p>\n","protected":false},"excerpt":{"rendered":"<p>\u00c0 propos Marrak fait de sa collection des articles de r\u00e9f\u00e9rence et de qualit\u00e9. Nous avons s\u00e9lectionn\u00e9 pour vous des [&hellip;]<\/p>\n","protected":false},"author":1,"featured_media":0,"parent":0,"menu_order":0,"comment_status":"closed","ping_status":"closed","template":"","meta":{"site-sidebar-layout":"default","site-content-layout":"","ast-site-content-layout":"default","site-content-style":"default","site-sidebar-style":"default","ast-global-header-display":"","ast-banner-title-visibility":"","ast-main-header-display":"","ast-hfb-above-header-display":"","ast-hfb-below-header-display":"","ast-hfb-mobile-header-display":"","site-post-title":"","ast-breadcrumbs-content":"","ast-featured-img":"","footer-sml-layout":"","ast-disable-related-posts":"","theme-transparent-header-meta":"","adv-header-id-meta":"","stick-header-meta":"","header-above-stick-meta":"","header-main-stick-meta":"","header-below-stick-meta":"","astra-migrate-meta-layouts":"default","ast-page-background-enabled":"default","ast-page-background-meta":{"desktop":{"background-color":"var(--ast-global-color-5)","background-image":"","background-repeat":"repeat","background-position":"center center","background-size":"auto","background-attachment":"scroll","background-type":"","background-media":"","overlay-type":"","overlay-color":"","overlay-opacity":"","overlay-gradient":""},"tablet":{"background-color":"","background-image":"","background-repeat":"repeat","background-position":"center center","background-size":"auto","background-attachment":"scroll","background-type":"","background-media":"","overlay-type":"","overlay-color":"","overlay-opacity":"","overlay-gradient":""},"mobile":{"background-color":"","background-image":"","background-repeat":"repeat","background-position":"center center","background-size":"auto","background-attachment":"scroll","background-type":"","background-media":"","overlay-type":"","overlay-color":"","overlay-opacity":"","overlay-gradient":""}},"ast-content-background-meta":{"desktop":{"background-color":"var(--ast-global-color-4)","background-image":"","background-repeat":"repeat","background-position":"center center","background-size":"auto","background-attachment":"scroll","background-type":"","background-media":"","overlay-type":"","overlay-color":"","overlay-opacity":"","overlay-gradient":""},"tablet":{"background-color":"var(--ast-global-color-4)","background-image":"","background-repeat":"repeat","background-position":"center center","background-size":"auto","background-attachment":"scroll","background-type":"","background-media":"","overlay-type":"","overlay-color":"","overlay-opacity":"","overlay-gradient":""},"mobile":{"background-color":"var(--ast-global-color-4)","background-image":"","background-repeat":"repeat","background-position":"center center","background-size":"auto","background-attachment":"scroll","background-type":"","background-media":"","overlay-type":"","overlay-color":"","overlay-opacity":"","overlay-gradient":""}},"footnotes":""},"class_list":["post-18","page","type-page","status-publish","hentry"],"_links":{"self":[{"href":"https:\/\/www.creation-marrak.com\/index.php\/wp-json\/wp\/v2\/pages\/18","targetHints":{"allow":["GET"]}}],"collection":[{"href":"https:\/\/www.creation-marrak.com\/index.php\/wp-json\/wp\/v2\/pages"}],"about":[{"href":"https:\/\/www.creation-marrak.com\/index.php\/wp-json\/wp\/v2\/types\/page"}],"author":[{"embeddable":true,"href":"https:\/\/www.creation-marrak.com\/index.php\/wp-json\/wp\/v2\/users\/1"}],"replies":[{"embeddable":true,"href":"https:\/\/www.creation-marrak.com\/index.php\/wp-json\/wp\/v2\/comments?post=18"}],"version-history":[{"count":19,"href":"https:\/\/www.creation-marrak.com\/index.php\/wp-json\/wp\/v2\/pages\/18\/revisions"}],"predecessor-version":[{"id":120,"href":"https:\/\/www.creation-marrak.com\/index.php\/wp-json\/wp\/v2\/pages\/18\/revisions\/120"}],"wp:attachment":[{"href":"https:\/\/www.creation-marrak.com\/index.php\/wp-json\/wp\/v2\/media?parent=18"}],"curies":[{"name":"wp","href":"https:\/\/api.w.org\/{rel}","templated":true}]}}